{"id":63,"date":"2014-09-08T15:43:12","date_gmt":"2014-09-08T18:43:12","guid":{"rendered":"http:\/\/dlgsistemas.com.ar\/wordpress\/?page_id=63"},"modified":"2014-09-08T18:23:26","modified_gmt":"2014-09-08T21:23:26","slug":"nuestros-clientes","status":"publish","type":"page","link":"http:\/\/dlgsistemas.com.ar\/wordpress\/nuestros-clientes\/","title":{"rendered":"Algunos de nuestros clientes"},"content":{"rendered":"<h2><span style=\"color: #ff6600;\">Por que sabemos c\u00f3mo hacer la comunicaci\u00f3n de su empresa m\u00e1s eficaz, ellos ya nos eligieron.<\/span><\/h2>\n<h2 style=\"color: #000000;\"><img loading=\"lazy\" class=\"alignnone size-full wp-image-72\" src=\"http:\/\/dlgsistemas.com.ar\/wordpress\/wp-content\/uploads\/2014\/09\/21.jpg\" alt=\"21\" width=\"200\" height=\"200\" srcset=\"http:\/\/dlgsistemas.com.ar\/wordpress\/wp-content\/uploads\/2014\/09\/21.jpg 200w, http:\/\/dlgsistemas.com.ar\/wordpress\/wp-content\/uploads\/2014\/09\/21-150x150.jpg 150w\" sizes=\"(max-width: 200px) 100vw, 200px\" \/> <a href=\"http:\/\/dlgsistemas.com.ar\/wordpress\/wp-content\/uploads\/2014\/09\/bangho.jpg\"><img loading=\"lazy\" class=\"alignnone size-medium wp-image-73\" src=\"http:\/\/dlgsistemas.com.ar\/wordpress\/wp-content\/uploads\/2014\/09\/bangho.jpg\" alt=\"bangho\" width=\"200\" height=\"200\" srcset=\"http:\/\/dlgsistemas.com.ar\/wordpress\/wp-content\/uploads\/2014\/09\/bangho.jpg 200w, http:\/\/dlgsistemas.com.ar\/wordpress\/wp-content\/uploads\/2014\/09\/bangho-150x150.jpg 150w\" sizes=\"(max-width: 200px) 100vw, 200px\" \/><\/a> <a href=\"http:\/\/dlgsistemas.com.ar\/wordpress\/wp-content\/uploads\/2014\/09\/bbme.jpg\"><img loading=\"lazy\" class=\"alignnone size-medium wp-image-74\" src=\"http:\/\/dlgsistemas.com.ar\/wordpress\/wp-content\/uploads\/2014\/09\/bbme.jpg\" alt=\"bbme\" width=\"200\" height=\"200\" srcset=\"http:\/\/dlgsistemas.com.ar\/wordpress\/wp-content\/uploads\/2014\/09\/bbme.jpg 200w, http:\/\/dlgsistemas.com.ar\/wordpress\/wp-content\/uploads\/2014\/09\/bbme-150x150.jpg 150w\" sizes=\"(max-width: 200px) 100vw, 200px\" \/><\/a> <a href=\"http:\/\/dlgsistemas.com.ar\/wordpress\/wp-content\/uploads\/2014\/09\/centro-oncologico.jpg\"><img loading=\"lazy\" class=\"alignnone size-medium wp-image-75\" src=\"http:\/\/dlgsistemas.com.ar\/wordpress\/wp-content\/uploads\/2014\/09\/centro-oncologico.jpg\" alt=\"centro-oncologico\" width=\"200\" height=\"200\" srcset=\"http:\/\/dlgsistemas.com.ar\/wordpress\/wp-content\/uploads\/2014\/09\/centro-oncologico.jpg 200w, http:\/\/dlgsistemas.com.ar\/wordpress\/wp-content\/uploads\/2014\/09\/centro-oncologico-150x150.jpg 150w\" sizes=\"(max-width: 200px) 100vw, 200px\" \/><\/a> <a href=\"http:\/\/dlgsistemas.com.ar\/wordpress\/wp-content\/uploads\/2014\/09\/cerro-negro.jpg\"><img loading=\"lazy\" class=\"alignnone size-medium wp-image-76\" src=\"http:\/\/dlgsistemas.com.ar\/wordpress\/wp-content\/uploads\/2014\/09\/cerro-negro.jpg\" alt=\"cerro-negro\" width=\"200\" height=\"200\" srcset=\"http:\/\/dlgsistemas.com.ar\/wordpress\/wp-content\/uploads\/2014\/09\/cerro-negro.jpg 200w, http:\/\/dlgsistemas.com.ar\/wordpress\/wp-content\/uploads\/2014\/09\/cerro-negro-150x150.jpg 150w\" sizes=\"(max-width: 200px) 100vw, 200px\" \/><\/a> <a href=\"http:\/\/dlgsistemas.com.ar\/wordpress\/wp-content\/uploads\/2014\/09\/dvdcity.jpg\"><img loading=\"lazy\" class=\"alignnone size-medium wp-image-77\" src=\"http:\/\/dlgsistemas.com.ar\/wordpress\/wp-content\/uploads\/2014\/09\/dvdcity.jpg\" alt=\"dvdcity\" width=\"200\" height=\"200\" srcset=\"http:\/\/dlgsistemas.com.ar\/wordpress\/wp-content\/uploads\/2014\/09\/dvdcity.jpg 200w, http:\/\/dlgsistemas.com.ar\/wordpress\/wp-content\/uploads\/2014\/09\/dvdcity-150x150.jpg 150w\" sizes=\"(max-width: 200px) 100vw, 200px\" \/><\/a> <a href=\"http:\/\/dlgsistemas.com.ar\/wordpress\/wp-content\/uploads\/2014\/09\/emprenderoresarg.jpg\"><img loading=\"lazy\" class=\"alignnone size-medium wp-image-78\" src=\"http:\/\/dlgsistemas.com.ar\/wordpress\/wp-content\/uploads\/2014\/09\/emprenderoresarg.jpg\" alt=\"emprenderoresarg\" width=\"200\" height=\"200\" srcset=\"http:\/\/dlgsistemas.com.ar\/wordpress\/wp-content\/uploads\/2014\/09\/emprenderoresarg.jpg 200w, http:\/\/dlgsistemas.com.ar\/wordpress\/wp-content\/uploads\/2014\/09\/emprenderoresarg-150x150.jpg 150w\" sizes=\"(max-width: 200px) 100vw, 200px\" \/><\/a> <a href=\"http:\/\/dlgsistemas.com.ar\/wordpress\/wp-content\/uploads\/2014\/09\/facultading.jpg\"><img loading=\"lazy\" class=\"alignnone size-medium wp-image-79\" src=\"http:\/\/dlgsistemas.com.ar\/wordpress\/wp-content\/uploads\/2014\/09\/facultading.jpg\" alt=\"facultading\" width=\"200\" height=\"200\" srcset=\"http:\/\/dlgsistemas.com.ar\/wordpress\/wp-content\/uploads\/2014\/09\/facultading.jpg 200w, http:\/\/dlgsistemas.com.ar\/wordpress\/wp-content\/uploads\/2014\/09\/facultading-150x150.jpg 150w\" sizes=\"(max-width: 200px) 100vw, 200px\" \/><\/a> <a href=\"http:\/\/dlgsistemas.com.ar\/wordpress\/wp-content\/uploads\/2014\/09\/gendeportivo.jpg\"><img loading=\"lazy\" class=\"alignnone size-medium wp-image-80\" src=\"http:\/\/dlgsistemas.com.ar\/wordpress\/wp-content\/uploads\/2014\/09\/gendeportivo.jpg\" alt=\"gendeportivo\" width=\"200\" height=\"200\" srcset=\"http:\/\/dlgsistemas.com.ar\/wordpress\/wp-content\/uploads\/2014\/09\/gendeportivo.jpg 200w, http:\/\/dlgsistemas.com.ar\/wordpress\/wp-content\/uploads\/2014\/09\/gendeportivo-150x150.jpg 150w\" sizes=\"(max-width: 200px) 100vw, 200px\" \/><\/a> <a href=\"http:\/\/dlgsistemas.com.ar\/wordpress\/wp-content\/uploads\/2014\/09\/intenso.jpg\"><img loading=\"lazy\" class=\"alignnone size-medium wp-image-81\" src=\"http:\/\/dlgsistemas.com.ar\/wordpress\/wp-content\/uploads\/2014\/09\/intenso.jpg\" alt=\"intenso\" width=\"200\" height=\"200\" srcset=\"http:\/\/dlgsistemas.com.ar\/wordpress\/wp-content\/uploads\/2014\/09\/intenso.jpg 200w, http:\/\/dlgsistemas.com.ar\/wordpress\/wp-content\/uploads\/2014\/09\/intenso-150x150.jpg 150w\" sizes=\"(max-width: 200px) 100vw, 200px\" \/><\/a> <a href=\"http:\/\/dlgsistemas.com.ar\/wordpress\/wp-content\/uploads\/2014\/09\/petrobras.jpg\"><img loading=\"lazy\" class=\"alignnone size-medium wp-image-82\" src=\"http:\/\/dlgsistemas.com.ar\/wordpress\/wp-content\/uploads\/2014\/09\/petrobras.jpg\" alt=\"petrobras\" width=\"200\" height=\"200\" srcset=\"http:\/\/dlgsistemas.com.ar\/wordpress\/wp-content\/uploads\/2014\/09\/petrobras.jpg 200w, http:\/\/dlgsistemas.com.ar\/wordpress\/wp-content\/uploads\/2014\/09\/petrobras-150x150.jpg 150w\" sizes=\"(max-width: 200px) 100vw, 200px\" \/><\/a> <a href=\"http:\/\/dlgsistemas.com.ar\/wordpress\/wp-content\/uploads\/2014\/09\/play.jpg\"><img loading=\"lazy\" class=\"alignnone size-medium wp-image-83\" src=\"http:\/\/dlgsistemas.com.ar\/wordpress\/wp-content\/uploads\/2014\/09\/play.jpg\" alt=\"play\" width=\"200\" height=\"200\" srcset=\"http:\/\/dlgsistemas.com.ar\/wordpress\/wp-content\/uploads\/2014\/09\/play.jpg 200w, http:\/\/dlgsistemas.com.ar\/wordpress\/wp-content\/uploads\/2014\/09\/play-150x150.jpg 150w\" sizes=\"(max-width: 200px) 100vw, 200px\" \/><\/a> <a href=\"http:\/\/dlgsistemas.com.ar\/wordpress\/wp-content\/uploads\/2014\/09\/potranquitos.jpg\"><img loading=\"lazy\" class=\"alignnone size-medium wp-image-84\" src=\"http:\/\/dlgsistemas.com.ar\/wordpress\/wp-content\/uploads\/2014\/09\/potranquitos.jpg\" alt=\"potranquitos\" width=\"200\" height=\"200\" srcset=\"http:\/\/dlgsistemas.com.ar\/wordpress\/wp-content\/uploads\/2014\/09\/potranquitos.jpg 200w, http:\/\/dlgsistemas.com.ar\/wordpress\/wp-content\/uploads\/2014\/09\/potranquitos-150x150.jpg 150w\" sizes=\"(max-width: 200px) 100vw, 200px\" \/><\/a> <a href=\"http:\/\/dlgsistemas.com.ar\/wordpress\/wp-content\/uploads\/2014\/09\/quickness.jpg\"><img loading=\"lazy\" class=\"alignnone size-medium wp-image-85\" src=\"http:\/\/dlgsistemas.com.ar\/wordpress\/wp-content\/uploads\/2014\/09\/quickness.jpg\" alt=\"quickness\" width=\"200\" height=\"200\" srcset=\"http:\/\/dlgsistemas.com.ar\/wordpress\/wp-content\/uploads\/2014\/09\/quickness.jpg 200w, http:\/\/dlgsistemas.com.ar\/wordpress\/wp-content\/uploads\/2014\/09\/quickness-150x150.jpg 150w\" sizes=\"(max-width: 200px) 100vw, 200px\" \/><\/a> <a href=\"http:\/\/dlgsistemas.com.ar\/wordpress\/wp-content\/uploads\/2014\/09\/scipioni.jpg\"><img loading=\"lazy\" class=\"alignnone size-medium wp-image-86\" src=\"http:\/\/dlgsistemas.com.ar\/wordpress\/wp-content\/uploads\/2014\/09\/scipioni.jpg\" alt=\"scipioni\" width=\"200\" height=\"200\" srcset=\"http:\/\/dlgsistemas.com.ar\/wordpress\/wp-content\/uploads\/2014\/09\/scipioni.jpg 200w, http:\/\/dlgsistemas.com.ar\/wordpress\/wp-content\/uploads\/2014\/09\/scipioni-150x150.jpg 150w\" sizes=\"(max-width: 200px) 100vw, 200px\" \/><\/a> <a href=\"http:\/\/dlgsistemas.com.ar\/wordpress\/wp-content\/uploads\/2014\/09\/softecuestre.jpg\"><img loading=\"lazy\" class=\"alignnone size-medium wp-image-87\" src=\"http:\/\/dlgsistemas.com.ar\/wordpress\/wp-content\/uploads\/2014\/09\/softecuestre.jpg\" alt=\"softecuestre\" width=\"200\" height=\"200\" srcset=\"http:\/\/dlgsistemas.com.ar\/wordpress\/wp-content\/uploads\/2014\/09\/softecuestre.jpg 200w, http:\/\/dlgsistemas.com.ar\/wordpress\/wp-content\/uploads\/2014\/09\/softecuestre-150x150.jpg 150w\" sizes=\"(max-width: 200px) 100vw, 200px\" \/><\/a> <a href=\"http:\/\/dlgsistemas.com.ar\/wordpress\/wp-content\/uploads\/2014\/09\/sweetness.jpg\"><img loading=\"lazy\" class=\"alignnone size-medium wp-image-88\" src=\"http:\/\/dlgsistemas.com.ar\/wordpress\/wp-content\/uploads\/2014\/09\/sweetness.jpg\" alt=\"sweetness\" width=\"200\" height=\"200\" srcset=\"http:\/\/dlgsistemas.com.ar\/wordpress\/wp-content\/uploads\/2014\/09\/sweetness.jpg 200w, http:\/\/dlgsistemas.com.ar\/wordpress\/wp-content\/uploads\/2014\/09\/sweetness-150x150.jpg 150w\" sizes=\"(max-width: 200px) 100vw, 200px\" \/><\/a> <a href=\"http:\/\/dlgsistemas.com.ar\/wordpress\/wp-content\/uploads\/2014\/09\/washing.jpg\"><img loading=\"lazy\" class=\"alignnone size-medium wp-image-89\" src=\"http:\/\/dlgsistemas.com.ar\/wordpress\/wp-content\/uploads\/2014\/09\/washing.jpg\" alt=\"washing\" width=\"200\" height=\"200\" srcset=\"http:\/\/dlgsistemas.com.ar\/wordpress\/wp-content\/uploads\/2014\/09\/washing.jpg 200w, http:\/\/dlgsistemas.com.ar\/wordpress\/wp-content\/uploads\/2014\/09\/washing-150x150.jpg 150w\" sizes=\"(max-width: 200px) 100vw, 200px\" \/><\/a><\/h2>\n","protected":false},"excerpt":{"rendered":"<p>Por que sabemos c\u00f3mo hacer la comunicaci\u00f3n de su empresa m\u00e1s eficaz, ellos ya nos eligieron.<\/p>\n","protected":false},"author":3,"featured_media":0,"parent":0,"menu_order":0,"comment_status":"closed","ping_status":"closed","template":"","meta":[],"_links":{"self":[{"href":"http:\/\/dlgsistemas.com.ar\/wordpress\/wp-json\/wp\/v2\/pages\/63"}],"collection":[{"href":"http:\/\/dlgsistemas.com.ar\/wordpress\/wp-json\/wp\/v2\/pages"}],"about":[{"href":"http:\/\/dlgsistemas.com.ar\/wordpress\/wp-json\/wp\/v2\/types\/page"}],"author":[{"embeddable":true,"href":"http:\/\/dlgsistemas.com.ar\/wordpress\/wp-json\/wp\/v2\/users\/3"}],"replies":[{"embeddable":true,"href":"http:\/\/dlgsistemas.com.ar\/wordpress\/wp-json\/wp\/v2\/comments?post=63"}],"version-history":[{"count":6,"href":"http:\/\/dlgsistemas.com.ar\/wordpress\/wp-json\/wp\/v2\/pages\/63\/revisions"}],"predecessor-version":[{"id":99,"href":"http:\/\/dlgsistemas.com.ar\/wordpress\/wp-json\/wp\/v2\/pages\/63\/revisions\/99"}],"wp:attachment":[{"href":"http:\/\/dlgsistemas.com.ar\/wordpress\/wp-json\/wp\/v2\/media?parent=63"}],"curies":[{"name":"wp","href":"https:\/\/api.w.org\/{rel}","templated":true}]}}