{"id":48,"date":"2014-09-04T15:56:25","date_gmt":"2014-09-04T18:56:25","guid":{"rendered":"http:\/\/dlgsistemas.com.ar\/wordpress\/?page_id=48"},"modified":"2014-09-22T14:33:30","modified_gmt":"2014-09-22T17:33:30","slug":"edicion-de-video","status":"publish","type":"page","link":"http:\/\/dlgsistemas.com.ar\/wordpress\/servicios\/edicion-de-video\/","title":{"rendered":"Dise\u00f1o Multimedial"},"content":{"rendered":"<p>Ofrecemos servicios de producci\u00f3n y post-producci\u00f3n de video. Reunimos m\u00e1s de diez a\u00f1os de experiencia en la realizaci\u00f3n de publicidades, pilotos televisivos, videos institucionales y m\u00e1s.<\/p>\n<ul>\n<li>Edici\u00f3n de video.<\/li>\n<li>Animaci\u00f3nes 2D y 3D.<\/li>\n<li>Videos Sociales.<\/li>\n<li>Videos Corporativos.<\/li>\n<li>Videos comerciales.<\/li>\n<li>Motion Graphics<\/li>\n<li>Stop Motion<\/li>\n<\/ul>\n","protected":false},"excerpt":{"rendered":"<p>Ofrecemos servicios de producci\u00f3n y post-producci\u00f3n de video. Reunimos m\u00e1s de diez a\u00f1os de experiencia en la realizaci\u00f3n de publicidades, pilotos televisivos, videos institucionales y m\u00e1s. Edici\u00f3n de video. Animaci\u00f3nes 2D y 3D. Videos Sociales. Videos Corporativos. Videos comerciales. Motion<\/p>\n","protected":false},"author":3,"featured_media":0,"parent":10,"menu_order":0,"comment_status":"closed","ping_status":"closed","template":"","meta":[],"_links":{"self":[{"href":"http:\/\/dlgsistemas.com.ar\/wordpress\/wp-json\/wp\/v2\/pages\/48"}],"collection":[{"href":"http:\/\/dlgsistemas.com.ar\/wordpress\/wp-json\/wp\/v2\/pages"}],"about":[{"href":"http:\/\/dlgsistemas.com.ar\/wordpress\/wp-json\/wp\/v2\/types\/page"}],"author":[{"embeddable":true,"href":"http:\/\/dlgsistemas.com.ar\/wordpress\/wp-json\/wp\/v2\/users\/3"}],"replies":[{"embeddable":true,"href":"http:\/\/dlgsistemas.com.ar\/wordpress\/wp-json\/wp\/v2\/comments?post=48"}],"version-history":[{"count":4,"href":"http:\/\/dlgsistemas.com.ar\/wordpress\/wp-json\/wp\/v2\/pages\/48\/revisions"}],"predecessor-version":[{"id":189,"href":"http:\/\/dlgsistemas.com.ar\/wordpress\/wp-json\/wp\/v2\/pages\/48\/revisions\/189"}],"up":[{"embeddable":true,"href":"http:\/\/dlgsistemas.com.ar\/wordpress\/wp-json\/wp\/v2\/pages\/10"}],"wp:attachment":[{"href":"http:\/\/dlgsistemas.com.ar\/wordpress\/wp-json\/wp\/v2\/media?parent=48"}],"curies":[{"name":"wp","href":"https:\/\/api.w.org\/{rel}","templated":true}]}}