{"id":39,"date":"2014-09-04T15:55:13","date_gmt":"2014-09-04T18:55:13","guid":{"rendered":"http:\/\/dlgsistemas.com.ar\/wordpress\/?page_id=39"},"modified":"2014-09-22T14:29:28","modified_gmt":"2014-09-22T17:29:28","slug":"diseno-grafico","status":"publish","type":"page","link":"http:\/\/dlgsistemas.com.ar\/wordpress\/servicios\/diseno-grafico\/","title":{"rendered":"Dise\u00f1o Gr\u00e1fico"},"content":{"rendered":"<blockquote><p>Le ofrecemos soluciones de dise\u00f1o innovadoras, creativas y funcionales para hacer m\u00e1s eficaz la comunicaci\u00f3n de su empresa.<\/p><\/blockquote>\n<p>Conseguir un buen estudio de dise\u00f1o gr\u00e1fico es un paso importante para denotar su marca del resto. Un dise\u00f1o superior al resto genera una vista positiva de su empresa al instante.<\/p>\n<p><strong><span style=\"color: #ff6600;\">DLG Sistemas<\/span><\/strong> cuenta con un equipo asignado plenamente al dise\u00f1o gr\u00e1fico. Nos encargamos de todas las necesidades gr\u00e1ficas que pueda requerir su empresa. Adem\u00e1s contamos con una alta gama de proveedores para conseguir los mejores precios de impresi\u00f3n en el mercado.<\/p>\n<h3><span style=\"color: #ff6600;\">Realizamos:<\/span><\/h3>\n<ul>\n<li>Logos<\/li>\n<li>Manual de Marcas<\/li>\n<li>Tarjetas Personales<\/li>\n<li>Flyers<\/li>\n<li>Folleter\u00eda<\/li>\n<li>Etiquetas<\/li>\n<li>Papeler\u00eda Comercial<\/li>\n<li>Publicidad V\u00eda P\u00fablica<\/li>\n<li>Merchandising<\/li>\n<li>Banners y Gigantograf\u00edas<\/li>\n<li>Dise\u00f1o de Vidrieras<\/li>\n<li>Dise\u00f1o Editorial<\/li>\n<\/ul>\n","protected":false},"excerpt":{"rendered":"<p>Le ofrecemos soluciones de dise\u00f1o innovadoras, creativas y funcionales para hacer m\u00e1s eficaz la comunicaci\u00f3n de su empresa. Conseguir un buen estudio de dise\u00f1o gr\u00e1fico es un paso importante para denotar su marca del resto. Un dise\u00f1o superior al resto<\/p>\n","protected":false},"author":3,"featured_media":0,"parent":10,"menu_order":0,"comment_status":"closed","ping_status":"closed","template":"","meta":[],"_links":{"self":[{"href":"http:\/\/dlgsistemas.com.ar\/wordpress\/wp-json\/wp\/v2\/pages\/39"}],"collection":[{"href":"http:\/\/dlgsistemas.com.ar\/wordpress\/wp-json\/wp\/v2\/pages"}],"about":[{"href":"http:\/\/dlgsistemas.com.ar\/wordpress\/wp-json\/wp\/v2\/types\/page"}],"author":[{"embeddable":true,"href":"http:\/\/dlgsistemas.com.ar\/wordpress\/wp-json\/wp\/v2\/users\/3"}],"replies":[{"embeddable":true,"href":"http:\/\/dlgsistemas.com.ar\/wordpress\/wp-json\/wp\/v2\/comments?post=39"}],"version-history":[{"count":3,"href":"http:\/\/dlgsistemas.com.ar\/wordpress\/wp-json\/wp\/v2\/pages\/39\/revisions"}],"predecessor-version":[{"id":184,"href":"http:\/\/dlgsistemas.com.ar\/wordpress\/wp-json\/wp\/v2\/pages\/39\/revisions\/184"}],"up":[{"embeddable":true,"href":"http:\/\/dlgsistemas.com.ar\/wordpress\/wp-json\/wp\/v2\/pages\/10"}],"wp:attachment":[{"href":"http:\/\/dlgsistemas.com.ar\/wordpress\/wp-json\/wp\/v2\/media?parent=39"}],"curies":[{"name":"wp","href":"https:\/\/api.w.org\/{rel}","templated":true}]}}