{"id":33,"date":"2014-09-04T15:54:21","date_gmt":"2014-09-04T18:54:21","guid":{"rendered":"http:\/\/dlgsistemas.com.ar\/wordpress\/?page_id=33"},"modified":"2014-09-22T14:30:36","modified_gmt":"2014-09-22T17:30:36","slug":"social-marketing","status":"publish","type":"page","link":"http:\/\/dlgsistemas.com.ar\/wordpress\/servicios\/social-marketing\/","title":{"rendered":"Social Media Marketing"},"content":{"rendered":"<blockquote><p>Deje de perseguir a sus clientes, empiece a atraerlos!<\/p><\/blockquote>\n<h3><span style=\"color: #ff6600;\">An\u00e1lisis y diagn\u00f3stico de su sitio web. Backlinks<\/span><\/h3>\n<p>Generaci\u00f3n de enlaces a su sitio para lograr el mejor posicionamiento posible.<\/p>\n<h3><span style=\"color: #ff6600;\">Redes Sociales.<\/span><\/h3>\n<p>Creaci\u00f3n y manejo de cuentas de Facebook, Twitter, Instagram, Foursquare, Linkedin, y otras redes sociales que consideremos apropiadas para su negocio. As\u00ed llegamos a un mayor n\u00famero de clientes potenciales y damos a conocer su marca a trav\u00e9s del branding digital.<\/p>\n<h3>Community Management<\/h3>\n<p>Un \u00abComunnity Manager\u00bb es aquella persona encargada de la gesti\u00f3n de su comunicaci\u00f3n en redes sociales.\u00a0Comience a explotar los beneficios de las Facebook, Twitter y el resto de las redes sociales a su favor.<\/p>\n<p>Realizamos\u00a0las configuraciones previas de los perfiles en las redes, buscamos y creamos\u00a0informaci\u00f3n de relevancia para sus usuarios, publicamos\u00a0contenidos en conjunto con informaci\u00f3n relacionada con su empresa y sus productos.<\/p>\n<p>Recibimos los Feedbacks de las publicaciones y los resuelvemos\u00a0en espejo con Ud. Respondemos las consultas y giramos\u00a0los prospectos que puedan llegar a surgir.<\/p>\n<p>El resultado es la creaci\u00f3n de un nuevo canal de comunicaci\u00f3n y ventas.<\/p>\n<h3><span style=\"color: #ff6600;\">E-mail Marketing<\/span>.<\/h3>\n<p>Generaci\u00f3n y fortalecimiento de base de datos. Env\u00edo de newsletters con dise\u00f1os profesionales y modernos que permiten ofrecer descuentos, promociones y ofertas.<\/p>\n<h3><span style=\"color: #ff6600;\">Business Intelligent.<\/span><\/h3>\n<p>Anal\u00edtica web, segmentaci\u00f3n espec\u00edfica de clientes, propuestas de orientaci\u00f3n del marketing de su producto\/servicio.<\/p>\n","protected":false},"excerpt":{"rendered":"<p>Deje de perseguir a sus clientes, empiece a atraerlos! An\u00e1lisis y diagn\u00f3stico de su sitio web. Backlinks Generaci\u00f3n de enlaces a su sitio para lograr el mejor posicionamiento posible. Redes Sociales. Creaci\u00f3n y manejo de cuentas de Facebook, Twitter, Instagram,<\/p>\n","protected":false},"author":3,"featured_media":0,"parent":10,"menu_order":0,"comment_status":"closed","ping_status":"closed","template":"","meta":[],"_links":{"self":[{"href":"http:\/\/dlgsistemas.com.ar\/wordpress\/wp-json\/wp\/v2\/pages\/33"}],"collection":[{"href":"http:\/\/dlgsistemas.com.ar\/wordpress\/wp-json\/wp\/v2\/pages"}],"about":[{"href":"http:\/\/dlgsistemas.com.ar\/wordpress\/wp-json\/wp\/v2\/types\/page"}],"author":[{"embeddable":true,"href":"http:\/\/dlgsistemas.com.ar\/wordpress\/wp-json\/wp\/v2\/users\/3"}],"replies":[{"embeddable":true,"href":"http:\/\/dlgsistemas.com.ar\/wordpress\/wp-json\/wp\/v2\/comments?post=33"}],"version-history":[{"count":7,"href":"http:\/\/dlgsistemas.com.ar\/wordpress\/wp-json\/wp\/v2\/pages\/33\/revisions"}],"predecessor-version":[{"id":186,"href":"http:\/\/dlgsistemas.com.ar\/wordpress\/wp-json\/wp\/v2\/pages\/33\/revisions\/186"}],"up":[{"embeddable":true,"href":"http:\/\/dlgsistemas.com.ar\/wordpress\/wp-json\/wp\/v2\/pages\/10"}],"wp:attachment":[{"href":"http:\/\/dlgsistemas.com.ar\/wordpress\/wp-json\/wp\/v2\/media?parent=33"}],"curies":[{"name":"wp","href":"https:\/\/api.w.org\/{rel}","templated":true}]}}