{"id":31,"date":"2014-09-04T15:54:07","date_gmt":"2014-09-04T18:54:07","guid":{"rendered":"http:\/\/dlgsistemas.com.ar\/wordpress\/?page_id=31"},"modified":"2014-09-22T15:07:46","modified_gmt":"2014-09-22T18:07:46","slug":"programacion-sistemas","status":"publish","type":"page","link":"http:\/\/dlgsistemas.com.ar\/wordpress\/servicios\/programacion-sistemas\/","title":{"rendered":"Programaci\u00f3n &#038; Sistemas"},"content":{"rendered":"<blockquote><p>Gestione su empresa o emprendimiento con un sistema dise\u00f1ado a su medida.<\/p><\/blockquote>\n<p>Conformamos un grupo de trabajo especializado en las \u00faltimas tecnolog\u00edas. Poseemos un esquema de trabajo basado en conceptos l\u00f3gicos y una basta galer\u00eda de recursos. Analizamos las herramientas necesarias, generamos estructuras coherentes para un \u00fanico tipo de producto y las implementamos evaluando la experiencia del usuario. Desarrollamos secuencias para optimizar la gesti\u00f3n y su uso diario ofreciendo una interfaz amigable y fluida. Trabajamos sobre teor\u00edas, ideas y esquemas coherentes de informaci\u00f3n. Analizamos y mensuramos las necesidades para ponderar los recursos necesarios y disponibles. Y estamos siempre para acompa\u00f1ar inquietudes y cada uno de sus proyectos.<\/p>\n<ul>\n<li>Programaci\u00f3n a medida. An\u00e1lisis de proyectos y consultor\u00eda de necesidades.<\/li>\n<li>Desarrollo de aplicaciones para distintas plataformas. Web, android, etc.<\/li>\n<li>Integraci\u00f3n con redes sociales (Facebok, Twitter, Google+) y estad\u00edsticas de campa\u00f1as espec\u00edficas<\/li>\n<li>An\u00e1lisis de datos y gesti\u00f3n de informes personalizados para su producto o servicio<\/li>\n<li>Desarrollo a partir de gestores de contenidos. Creacion de m\u00f3dulos necesarios y reportes customizados<\/li>\n<li>Dise\u00f1o de templates: WordPress, Joomla, Drupal, etc.<\/li>\n<li>Eplanning, Comscore, Analitics, CMS, vTiger, Moodle, Prestashop, Pasarelas de Pagos, Reportes custom, Streaming, Webcast, etc<\/li>\n<\/ul>\n<h3><span style=\"color: #ff6600;\">Programaci\u00f3n y Sistemas, un concepto global integrador:<\/span><\/h3>\n<p>Nuestro servicios se basan en la programaci\u00f3n avanzada e integraci\u00f3n con las nuevas tecnolog\u00edas. Elaboramos sitios web din\u00e1micos desde el primer an\u00e1lisis y dise\u00f1o hasta el mantenimiento y mejoras de todo el proyecto. Nuestros desarrollos son un desafio a lo \u00faltimo en programaci\u00f3n. Conocemos y manejamos todo lo pertinente a programaci\u00f3n y dise\u00f1o, advertisign, analitics, streaming, ecomerce, elearning, etc. Nuestras soluciones son integrales ya que manejamos un gran espectro de las herramientas disponibles. Desarrollamos un sistema desde el primer hasta el \u00faltimo eslab\u00f3n de la cadena. Y es nuestra experiencia la que nos permite ofrecer un producto coherente y duradero.<\/p>\n<h3><span style=\"color: #ff6600;\">Servicios IT<\/span><\/h3>\n<p><em><strong><span style=\"color: #3e454c;\">Terciarice<\/span>\u00a0su area de sistemas.<\/strong><\/em><br \/>\nA partir de distintas exigencias a nivel tecnol\u00f3gico cada vez m\u00e1s presente en el mercado, ofrecemos soluciones de soporte t\u00e9cnico inform\u00e1tico para su negocio. Participamos de las innovaciones tecnol\u00f3gicas e inform\u00e1ticas en el mercado e implementamos distintas soluciones dependiendo la estructura del cliente.<\/p>\n","protected":false},"excerpt":{"rendered":"<p>Gestione su empresa o emprendimiento con un sistema dise\u00f1ado a su medida. Conformamos un grupo de trabajo especializado en las \u00faltimas tecnolog\u00edas. Poseemos un esquema de trabajo basado en conceptos l\u00f3gicos y una basta galer\u00eda de recursos. Analizamos las herramientas<\/p>\n","protected":false},"author":3,"featured_media":0,"parent":10,"menu_order":0,"comment_status":"closed","ping_status":"closed","template":"","meta":[],"_links":{"self":[{"href":"http:\/\/dlgsistemas.com.ar\/wordpress\/wp-json\/wp\/v2\/pages\/31"}],"collection":[{"href":"http:\/\/dlgsistemas.com.ar\/wordpress\/wp-json\/wp\/v2\/pages"}],"about":[{"href":"http:\/\/dlgsistemas.com.ar\/wordpress\/wp-json\/wp\/v2\/types\/page"}],"author":[{"embeddable":true,"href":"http:\/\/dlgsistemas.com.ar\/wordpress\/wp-json\/wp\/v2\/users\/3"}],"replies":[{"embeddable":true,"href":"http:\/\/dlgsistemas.com.ar\/wordpress\/wp-json\/wp\/v2\/comments?post=31"}],"version-history":[{"count":4,"href":"http:\/\/dlgsistemas.com.ar\/wordpress\/wp-json\/wp\/v2\/pages\/31\/revisions"}],"predecessor-version":[{"id":197,"href":"http:\/\/dlgsistemas.com.ar\/wordpress\/wp-json\/wp\/v2\/pages\/31\/revisions\/197"}],"up":[{"embeddable":true,"href":"http:\/\/dlgsistemas.com.ar\/wordpress\/wp-json\/wp\/v2\/pages\/10"}],"wp:attachment":[{"href":"http:\/\/dlgsistemas.com.ar\/wordpress\/wp-json\/wp\/v2\/media?parent=31"}],"curies":[{"name":"wp","href":"https:\/\/api.w.org\/{rel}","templated":true}]}}