{"id":29,"date":"2014-09-04T15:53:47","date_gmt":"2014-09-04T18:53:47","guid":{"rendered":"http:\/\/dlgsistemas.com.ar\/wordpress\/?page_id=29"},"modified":"2014-09-22T13:55:07","modified_gmt":"2014-09-22T16:55:07","slug":"diseno-web","status":"publish","type":"page","link":"http:\/\/dlgsistemas.com.ar\/wordpress\/servicios\/diseno-web\/","title":{"rendered":"Dise\u00f1o Web"},"content":{"rendered":"<p>Una de las claves para lograr un negocio exitoso, es contar con un sitio web. Sea institucional, de venta de productos online o simplemente para dar a conocer tu nombre en el mundo de la Internet<\/p>\n<ul>\n<li>Dise\u00f1o web a medida, corporativas, cat\u00e1logos, tiendas online.<\/li>\n<li>Combinamos creatividad y usabilidad convirtiendo tu web, en referente del sector.<\/li>\n<li>Webs multi dispositivos, gestores de contenidos, y desarrollo de software online.<\/li>\n<li>Hacemos tu web muliplataforma. Desarrollamos aplicaciones m\u00f3vil con programaci\u00f3n nativa para ios y android.<\/li>\n<\/ul>\n<h3><span style=\"color: #ff6600;\">Apunta a sus clientes<\/span><\/h3>\n<p>Creamos un sitio orientado en atraer clientes y aumentar sus ventas. Y le ofrecemos la posibilidad de convinarlo con distintos planes de Marketing Online!<\/p>\n<h3><span style=\"color: #ff6600;\">Que sepan donde est\u00e1!<\/span><\/h3>\n<p>Un sitio web no solo se trata de vender online, tambi\u00e9n de dar a conocer su local f\u00edsico mediante internet.<br \/>\nQu\u00e9 espera para que sus clientes te encuentren?<\/p>\n<h3><span style=\"color: #ff6600;\">Productos Online<\/span><\/h3>\n<p>Sab\u00eda que el mercado online hace 10 a\u00f1os est\u00e1 en aumento constante y sigue aun crecimiento? Ahora es el momento de que sus clientes sepan como encontrarlo en la web.<\/p>\n<h3><span style=\"color: #ff6600;\">Contenido de calidad<\/span><\/h3>\n<p>Nos aseguramos que tanto el codigo como el contenido de su p\u00e1gina sea de la mejor calidad, logrando que el buscador de google indexe su web y logre un mejor posicionamiento natural.<\/p>\n","protected":false},"excerpt":{"rendered":"<p>Una de las claves para lograr un negocio exitoso, es contar con un sitio web. Sea institucional, de venta de productos online o simplemente para dar a conocer tu nombre en el mundo de la Internet Dise\u00f1o web a medida,<\/p>\n","protected":false},"author":3,"featured_media":0,"parent":10,"menu_order":0,"comment_status":"closed","ping_status":"closed","template":"","meta":[],"_links":{"self":[{"href":"http:\/\/dlgsistemas.com.ar\/wordpress\/wp-json\/wp\/v2\/pages\/29"}],"collection":[{"href":"http:\/\/dlgsistemas.com.ar\/wordpress\/wp-json\/wp\/v2\/pages"}],"about":[{"href":"http:\/\/dlgsistemas.com.ar\/wordpress\/wp-json\/wp\/v2\/types\/page"}],"author":[{"embeddable":true,"href":"http:\/\/dlgsistemas.com.ar\/wordpress\/wp-json\/wp\/v2\/users\/3"}],"replies":[{"embeddable":true,"href":"http:\/\/dlgsistemas.com.ar\/wordpress\/wp-json\/wp\/v2\/comments?post=29"}],"version-history":[{"count":4,"href":"http:\/\/dlgsistemas.com.ar\/wordpress\/wp-json\/wp\/v2\/pages\/29\/revisions"}],"predecessor-version":[{"id":176,"href":"http:\/\/dlgsistemas.com.ar\/wordpress\/wp-json\/wp\/v2\/pages\/29\/revisions\/176"}],"up":[{"embeddable":true,"href":"http:\/\/dlgsistemas.com.ar\/wordpress\/wp-json\/wp\/v2\/pages\/10"}],"wp:attachment":[{"href":"http:\/\/dlgsistemas.com.ar\/wordpress\/wp-json\/wp\/v2\/media?parent=29"}],"curies":[{"name":"wp","href":"https:\/\/api.w.org\/{rel}","templated":true}]}}