{"id":10,"date":"2014-09-04T15:47:58","date_gmt":"2014-09-04T18:47:58","guid":{"rendered":"http:\/\/dlgsistemas.com.ar\/wordpress\/?page_id=10"},"modified":"2014-09-22T14:46:33","modified_gmt":"2014-09-22T17:46:33","slug":"servicios","status":"publish","type":"page","link":"http:\/\/dlgsistemas.com.ar\/wordpress\/servicios\/","title":{"rendered":"Servicios"},"content":{"rendered":"<h2 style=\"color: #000000;\"><span style=\"color: #ff6600;\">Servicios y Soluciones en Sistemas de Informaci\u00f3n de Marketing, Tecnolog\u00eda \u00a0y Comunicaci\u00f3n.\u00a0<\/span><\/h2>\n<p>DLG Sistemas se especializa en una amplitud de \u00e1reas para que Ud. encuentre todo en una misma empresa. Nuestra capacitaci\u00f3n y actualizaci\u00f3n constante es clave a la hora de desarrollar cada proyecto. Dentro de nuestros servicios se encuentran:<\/p>\n<ul>\n<li>Programaci\u00f3n web<\/li>\n<li>Sistemas y desarrollos a medida<\/li>\n<li>Implementaci\u00f3n<\/li>\n<li>Programaci\u00f3n de aplicaciones m\u00f3viles<\/li>\n<li>E-Commerce<\/li>\n<li>Dise\u00f1o Web<\/li>\n<li>Dise\u00f1o Gr\u00e1fico<\/li>\n<li>Dise\u00f1o Multimedial<\/li>\n<li>Social Media Marketing<\/li>\n<\/ul>\n","protected":false},"excerpt":{"rendered":"<p>Servicios y Soluciones en Sistemas de Informaci\u00f3n de Marketing, Tecnolog\u00eda \u00a0y Comunicaci\u00f3n.\u00a0 DLG Sistemas se especializa en una amplitud de \u00e1reas para que Ud. encuentre todo en una misma empresa. Nuestra capacitaci\u00f3n y actualizaci\u00f3n constante es clave a la hora<\/p>\n","protected":false},"author":3,"featured_media":0,"parent":0,"menu_order":0,"comment_status":"closed","ping_status":"closed","template":"","meta":[],"_links":{"self":[{"href":"http:\/\/dlgsistemas.com.ar\/wordpress\/wp-json\/wp\/v2\/pages\/10"}],"collection":[{"href":"http:\/\/dlgsistemas.com.ar\/wordpress\/wp-json\/wp\/v2\/pages"}],"about":[{"href":"http:\/\/dlgsistemas.com.ar\/wordpress\/wp-json\/wp\/v2\/types\/page"}],"author":[{"embeddable":true,"href":"http:\/\/dlgsistemas.com.ar\/wordpress\/wp-json\/wp\/v2\/users\/3"}],"replies":[{"embeddable":true,"href":"http:\/\/dlgsistemas.com.ar\/wordpress\/wp-json\/wp\/v2\/comments?post=10"}],"version-history":[{"count":10,"href":"http:\/\/dlgsistemas.com.ar\/wordpress\/wp-json\/wp\/v2\/pages\/10\/revisions"}],"predecessor-version":[{"id":190,"href":"http:\/\/dlgsistemas.com.ar\/wordpress\/wp-json\/wp\/v2\/pages\/10\/revisions\/190"}],"wp:attachment":[{"href":"http:\/\/dlgsistemas.com.ar\/wordpress\/wp-json\/wp\/v2\/media?parent=10"}],"curies":[{"name":"wp","href":"https:\/\/api.w.org\/{rel}","templated":true}]}}